{"id":7406,"date":"2024-05-07T14:33:45","date_gmt":"2024-05-07T14:33:45","guid":{"rendered":"https:\/\/fajas-reductoras.com\/?post_type=product&#038;p=7406"},"modified":"2024-05-07T14:35:13","modified_gmt":"2024-05-07T14:35:13","slug":"televisor-smart-tv-lg-uhd-ai-thinq-55-4k-55ur7800psb","status":"publish","type":"product","link":"https:\/\/fajas-reductoras.com\/index.php\/product\/televisor-smart-tv-lg-uhd-ai-thinq-55-4k-55ur7800psb\/","title":{"rendered":"Televisor Smart Tv LG Uhd Ai Thinq 55 4k 55ur7800psb"},"content":{"rendered":"\n<p>Trae el cine a tu sal\u00f3n y disfruta de tus pel\u00edculas y series favoritas gracias al TV LED 55UR78006LK, con gran calidad de imagen HDR10 Pro y sonido Dolby Digital Plus, disfruta de los colores intensos con la tecnolog\u00eda 4K de LG.<\/p>\n\n\n\n<h3 class=\"wp-block-heading\">Procesador de Alta Potencia<\/h3>\n\n\n\n<p>El&nbsp;<strong>Procesador 4K \u03b15 Gen6<\/strong>&nbsp;con IA&nbsp;<strong>maximiza la calidad de imagen y sonido<\/strong>&nbsp;ofreci\u00e9ndote una experiencia inmersiva.<\/p>\n\n\n\n<h3 class=\"wp-block-heading\">Experiencia de cine en casa<\/h3>\n\n\n\n<p>Trae el cine a tu sal\u00f3n y disfruta de tus pel\u00edculas y series favoritas con&nbsp;<strong>gran calidad de imagen HDR10 Pro y sonido Dolby Digital Plus.<\/strong><\/p>\n\n\n\n<h3 class=\"wp-block-heading\">Funciones Gaming<\/h3>\n\n\n\n<p>Lleva tus partidas al siguiente nivel con la gama de televisores dise\u00f1ados&nbsp;<strong>con baja latencia y funciones espec\u00edficas para gaming.<\/strong><\/p>\n\n\n\n<h3 class=\"wp-block-heading\">Optimizador y men\u00fa exclusivo gaming<\/h3>\n\n\n\n<p>El Optimizador de videojuegos ofrece ajustes optimizados para varios g\u00e9neros de juegos, mientras que&nbsp;<strong>el men\u00fa gaming te permite acceder r\u00e1pidamente a tus ajustes.<\/strong><\/p>\n\n\n\n<h3 class=\"wp-block-heading\">Ecosistema Abierto e Inteligente ThinQ &amp; webOS. Siente el m\u00e1ximo control de tu TV y tu hogar<\/h3>\n\n\n\n<p>Los TVs UHD de LG cuentan con&nbsp;<strong>WebOS23<\/strong>, m\u00e1s f\u00e1cil e intuitivo, que permite crear perfiles por usuario y disfrutar as\u00ed s\u00f3lo del contenido que t\u00fa elijas. Ecosistema abierto e inteligente: compatible con Apple Home Kit\/Airplay\/Google\/Alexa\/ThinQ y control por voz OPCIONAL&nbsp;<strong>(Requiere Mando Magic Remote, no incluido).<\/strong><\/p>\n\n\n\n<h3 class=\"wp-block-heading\">Tecnolog\u00eda que cuida de ti y del planeta<\/h3>\n\n\n\n<p><strong>Consumo inferior al l\u00edmite del \u00cdndice de Eficiencia Energ\u00e9tica<\/strong>\u00a0Europeo y ahorra en la factura de la luz.<\/p>\n\n\n\n<h3 class=\"wp-block-heading\">Caracter\u00edsticas t\u00e9cnicas<\/h3>\n\n\n\n<figure class=\"wp-block-table\"><table><thead><tr><th>Caracteristicas t\u00e9cnicas<\/th><th><\/th><\/tr><\/thead><tbody><tr><td>Tipo de dispositivo<\/td><td>TV LED 55&#8243;<\/td><\/tr><tr><td>Tipo de pantalla<\/td><td>LCD<\/td><\/tr><tr><td>Tama\u00f1o pantalla (cm\/pulg)<\/td><td>139 cm \/ 55 \u00ab<\/td><\/tr><tr><td>Calidad de imagen<\/td><td>UHD 4K<\/td><\/tr><tr><td>Tipo de HDR<\/td><td>No<\/td><\/tr><tr><td>Smart TV<\/td><td>S\u00ed<\/td><\/tr><tr><td>Sistema Operativo<\/td><td>webOS<\/td><\/tr><tr><td>Procesador<\/td><td>Inteligente \u03b15 4K Gen6<\/td><\/tr><\/tbody><\/table><\/figure>\n\n\n\n<figure class=\"wp-block-table\"><table><thead><tr><th>Equipo de imagen<\/th><th><\/th><\/tr><\/thead><tbody><tr><td>Resoluci\u00f3n<\/td><td>3840 x 2160 p\u00edxeles<\/td><\/tr><tr><td>Formato de la pantalla<\/td><td>16:9<\/td><\/tr><tr><td>HDR<\/td><td>Si<\/td><\/tr><tr><td>USB grabador<\/td><td>S\u00ed<\/td><\/tr><\/tbody><\/table><\/figure>\n\n\n\n<figure class=\"wp-block-table\"><table><thead><tr><th>Recepci\u00f3n<\/th><th><\/th><\/tr><\/thead><tbody><tr><td>Tipos de recepci\u00f3n<\/td><td>DVB-T2 (H.265), DVB-C, DVB-S, DVB-S2<\/td><\/tr><\/tbody><\/table><\/figure>\n\n\n\n<figure class=\"wp-block-table\"><table><thead><tr><th>Equipo<\/th><th><\/th><\/tr><\/thead><tbody><tr><td>Dise\u00f1o Pantalla<\/td><td>Plano<\/td><\/tr><tr><td>Certificado CI+<\/td><td>S\u00ed<\/td><\/tr><tr><td>Control por voz<\/td><td>No<\/td><\/tr><\/tbody><\/table><\/figure>\n\n\n\n<figure class=\"wp-block-table\"><table><thead><tr><th>Sonido<\/th><th><\/th><\/tr><\/thead><tbody><tr><td>Potencia musical<\/td><td>20W<\/td><\/tr><\/tbody><\/table><\/figure>\n\n\n\n<figure class=\"wp-block-table\"><table><thead><tr><th>Conexiones + puertos<\/th><th><\/th><\/tr><\/thead><tbody><tr><td>Conexiones<\/td><td>Sintonizador DVB-T2\/T\/DVB-S2\/S\/DVB-C, HbbTV \/ LovesTV, 3 X HDMI 2.0 eARC (HDMI 2), 2 X USB (v 2.0), Salida \u00d3ptica, Grabaci\u00f3n Antena por USB (Requiere HDD 80GB-2TB)<\/td><\/tr><tr><td>Conectores HDMI<\/td><td>3<\/td><\/tr><tr><td>Wi-Fi<\/td><td>S\u00ed<\/td><\/tr><\/tbody><\/table><\/figure>\n","protected":false},"excerpt":{"rendered":"<p>Trae el cine a tu sal\u00f3n y disfruta de tus pel\u00edculas y series favoritas gracias al TV LED 55UR78006LK, con gran calidad de imagen HDR10 Pro y sonido Dolby Digital Plus, disfruta de los colores intensos con la tecnolog\u00eda 4K de LG. Procesador de Alta Potencia El&nbsp;Procesador 4K \u03b15 Gen6&nbsp;con IA&nbsp;maximiza la calidad de imagen [&hellip;]<\/p>\n","protected":false},"featured_media":7408,"comment_status":"open","ping_status":"closed","template":"","meta":{"_monsterinsights_skip_tracking":false,"_monsterinsights_sitenote_active":false,"_monsterinsights_sitenote_note":"","_monsterinsights_sitenote_category":0},"product_brand":[],"product_cat":[],"product_tag":[],"class_list":{"0":"post-7406","1":"product","2":"type-product","3":"status-publish","4":"has-post-thumbnail","7":"first","8":"instock","9":"sale","10":"shipping-taxable","11":"purchasable","12":"product-type-simple"},"aioseo_notices":[],"_links":{"self":[{"href":"https:\/\/fajas-reductoras.com\/index.php\/wp-json\/wp\/v2\/product\/7406","targetHints":{"allow":["GET"]}}],"collection":[{"href":"https:\/\/fajas-reductoras.com\/index.php\/wp-json\/wp\/v2\/product"}],"about":[{"href":"https:\/\/fajas-reductoras.com\/index.php\/wp-json\/wp\/v2\/types\/product"}],"replies":[{"embeddable":true,"href":"https:\/\/fajas-reductoras.com\/index.php\/wp-json\/wp\/v2\/comments?post=7406"}],"wp:featuredmedia":[{"embeddable":true,"href":"https:\/\/fajas-reductoras.com\/index.php\/wp-json\/wp\/v2\/media\/7408"}],"wp:attachment":[{"href":"https:\/\/fajas-reductoras.com\/index.php\/wp-json\/wp\/v2\/media?parent=7406"}],"wp:term":[{"taxonomy":"product_brand","embeddable":true,"href":"https:\/\/fajas-reductoras.com\/index.php\/wp-json\/wp\/v2\/product_brand?post=7406"},{"taxonomy":"product_cat","embeddable":true,"href":"https:\/\/fajas-reductoras.com\/index.php\/wp-json\/wp\/v2\/product_cat?post=7406"},{"taxonomy":"product_tag","embeddable":true,"href":"https:\/\/fajas-reductoras.com\/index.php\/wp-json\/wp\/v2\/product_tag?post=7406"}],"curies":[{"name":"wp","href":"https:\/\/api.w.org\/{rel}","templated":true}]}}