{"id":7413,"date":"2024-05-07T14:41:28","date_gmt":"2024-05-07T14:41:28","guid":{"rendered":"https:\/\/fajas-reductoras.com\/?post_type=product&#038;p=7413"},"modified":"2024-05-07T14:41:30","modified_gmt":"2024-05-07T14:41:30","slug":"bocina-portatil-jblcharge5-bluetooth-bateria-integrada-color-negro","status":"publish","type":"product","link":"https:\/\/fajas-reductoras.com\/index.php\/product\/bocina-portatil-jblcharge5-bluetooth-bateria-integrada-color-negro\/","title":{"rendered":"Bocina Port\u00e1til Jblcharge5 Bluetooth Bateria Integrada Color Negro"},"content":{"rendered":"\n<p><a href=\"https:\/\/www.mercadolibre.com.mx\/noindex\/catalog\/reviews\/MLM17949051?noIndex=true&amp;access=view_all&amp;modal=true&amp;controlled=true\"><\/a><\/p>\n\n\n\n<p>\u00bfEst\u00e1s en busca de un altavoz potente, pero compacto? Pues ll\u00e9vate este altavoz inal\u00e1mbrico JBL Charge 5 en color negro, con una potencia de 40 W y protecci\u00f3n IP67 contra el agua y el polvo, para escuchar tu m\u00fasica favorita en cualquier condici\u00f3n.<\/p>\n\n\n\n<h3 class=\"wp-block-heading\">Protecci\u00f3n IP67<\/h3>\n\n\n\n<p>Es perfecto para ir a la piscina, ir al parque o incluso, a la monta\u00f1a. El JBL Charge 5 es&nbsp;<strong>resistente al polvo<\/strong>&nbsp;y&nbsp;<strong>al agua<\/strong>&nbsp;gracias a la&nbsp;<strong>certificaci\u00f3n IP67<\/strong>, para que puedas llev\u00e1rtelo a cualquier parte.<\/p>\n\n\n\n<h3 class=\"wp-block-heading\">Hasta 20 horas de reproducci\u00f3n<\/h3>\n\n\n\n<p>El JBL Charge 5 de JBL mantiene tu fiesta en marcha de d\u00eda y de noche gracias a su incre\u00edble&nbsp;<strong>bater\u00eda de 7500 mAh<\/strong>, que te ofrece una duraci\u00f3n de&nbsp;<strong>hasta 20 horas<\/strong>&nbsp;de reproducci\u00f3n.<\/p>\n\n\n\n<h3 class=\"wp-block-heading\">Potente y compacto<\/h3>\n\n\n\n<p>Disfruta de la incre\u00edble potencia del sonido JBL Original Pro, en un&nbsp;<strong>tama\u00f1o reducido<\/strong>. El JBL Charge 5 incorpora un driver optimizado de gran amplitud, un altavoz de agudos independiente y dos radiadores de graves JBL que te proporcionan un&nbsp;<strong>sonido intenso<\/strong>&nbsp;y&nbsp;<strong>n\u00edtido<\/strong>.<\/p>\n\n\n\n<h3 class=\"wp-block-heading\">Funci\u00f3n PartyBoost<\/h3>\n\n\n\n<p>La&nbsp;<strong>funci\u00f3n PartyBoost<\/strong>&nbsp;te permite conectar dos altavoces JBL compatibles para disfrutar de un&nbsp;<strong>sonido est\u00e9reo<\/strong>&nbsp;o m\u00e1s de dos para crear un&nbsp;<strong>entorno de sonido perfecto<\/strong>&nbsp;para una fiesta de verdad.<\/p>\n\n\n\n<p>Obt\u00e9n una visi\u00f3n de 360 grados del producto<\/p>\n\n\n\n<p>Selecciona para ver el producto<\/p>\n\n\n\n<p>Vea en tama\u00f1o real el producto desde su habitaci\u00f3n escaneando el c\u00f3digo QR<\/p>\n\n\n\n<figure class=\"wp-block-image\"><img decoding=\"async\" src=\"https:\/\/media.flixcar.com\/3dfw\/p\/player\/qr\/1960164.png\" alt=\"Escanee el c\u00f3digo QR con su tel\u00e9fono ahora\"\/><\/figure>\n\n\n\n<p>Escanee el c\u00f3digo QR con su tel\u00e9fono ahora<\/p>\n\n\n\n<p>C\u00f3mo utilizar<\/p>\n\n\n\n<figure class=\"wp-block-image\"><img decoding=\"async\" src=\"https:\/\/media.flixcar.com\/webp\/static-asset\/inpage\/jbl\/charge-5\/img\/feature-1-es.jpg\" alt=\"\"\/><\/figure>\n\n\n\n<figure class=\"wp-block-image\"><img decoding=\"async\" src=\"https:\/\/media.flixcar.com\/webp\/static-asset\/inpage\/jbl\/charge-5\/img\/feature-2.jpg\" alt=\"\"\/><\/figure>\n\n\n\n<figure class=\"wp-block-image\"><img decoding=\"async\" src=\"https:\/\/media.flixcar.com\/webp\/static-asset\/inpage\/jbl\/charge-5\/img\/feature-3.jpg\" alt=\"\"\/><\/figure>\n\n\n\n<figure class=\"wp-block-image\"><img decoding=\"async\" src=\"https:\/\/media.flixcar.com\/webp\/static-asset\/inpage\/jbl\/charge-5\/img\/feature-4.jpg\" alt=\"\"\/><\/figure>\n\n\n\n<p>REPRODUCCI\u00d3N Y CARGA INFINITAS<\/p>\n\n\n\n<p>Disfruta de la incre\u00edble potencia del sonido JBL Original Pro. El JBL Charge 5 incorpora un driver optimizado de gran amplitud, un altavoz de agudos independiente y dos radiadores de graves JBL que te proporcionan un sonido intenso y n\u00edtido. Consigue el sonido de las salas m\u00e1s grandes, incluso al aire libre.<\/p>\n\n\n\n<p>CON TODA LA POTENCIA DE LA BATER\u00cdA INTEGRADA<\/p>\n\n\n\n<p>No tendr\u00e1s que interrumpir la fiesta. La bater\u00eda integrada mantiene cargados tus dispositivos sin tener que interrumpir la fiesta.<\/p>\n\n\n\n<p>RESISTENTE AL POLVO Y EL AGUA CONFORME A LA NORMA&nbsp;IP67<\/p>\n\n\n\n<p>Para ir a la piscina. Para ir al parque. El JBL Charge 5 es resistente al polvo y el agua conforme a la norma\u00a0IP67 para que puedas llevar tu altavoz a cualquier parte.<\/p>\n\n\n\n<figure class=\"wp-block-table\"><table><thead><tr><th>Caracteristicas t\u00e9cnicas<\/th><th><\/th><\/tr><\/thead><tbody><tr><td>Tipo de dispositivo<\/td><td>Altavoz inal\u00e1mbrico<\/td><\/tr><tr><td>N\u00famero de Altavoces<\/td><td>2<\/td><\/tr><tr><td>Potencia RMS<\/td><td>40 W<\/td><\/tr><\/tbody><\/table><\/figure>\n\n\n\n<figure class=\"wp-block-table\"><table><thead><tr><th>Equipo<\/th><th><\/th><\/tr><\/thead><tbody><tr><td>Bluetooth<\/td><td>S\u00ed<\/td><\/tr><tr><td>Resistente al Agua<\/td><td>S\u00ed<\/td><\/tr><tr><td>Conexiones<\/td><td>Bluetooth 5.1, USB Tipo-C<\/td><\/tr><tr><td>Caract. especiales<\/td><td>USB Tipo-C<\/td><\/tr><\/tbody><\/table><\/figure>\n\n\n\n<figure class=\"wp-block-table\"><table><thead><tr><th>Fuente de alimentaci\u00f3n<\/th><th><\/th><\/tr><\/thead><tbody><tr><td>Tipo de bater\u00eda<\/td><td>S\u00ed<\/td><\/tr><tr><td>Autonom\u00eda<\/td><td>20 horas<\/td><\/tr><tr><td>Capacidad bater\u00eda<\/td><td>7500 mAh<\/td><\/tr><\/tbody><\/table><\/figure>\n\n\n\n<figure class=\"wp-block-table\"><table><thead><tr><th>Caracter\u00edsticas generales<\/th><th><\/th><\/tr><\/thead><tbody><tr><td>Dimensiones \/ Peso<\/td><td>22.3 cm x 9.65 cm x 9.4 cm \/ 960 g<\/td><\/tr><tr><td>Anchura<\/td><td>22.3 cm<\/td><\/tr><tr><td>Altura<\/td><td>9.65 cm<\/td><\/tr><tr><td>Profundidad<\/td><td>9.4 cm<\/td><\/tr><tr><td>Color (por fabricante)<\/td><td>Negro<\/td><\/tr><tr><td>Peso (seg\u00fan el fabricante)<\/td><td>960 g<\/td><\/tr><tr><td>Peso<\/td><td>0.96 kg<\/td><\/tr><tr><td>Contenido<\/td><td>x1 Altavoz inal\u00e1mbrico; x1 manual<\/td><\/tr><\/tbody><\/table><\/figure>\n","protected":false},"excerpt":{"rendered":"<p>\u00bfEst\u00e1s en busca de un altavoz potente, pero compacto? Pues ll\u00e9vate este altavoz inal\u00e1mbrico JBL Charge 5 en color negro, con una potencia de 40 W y protecci\u00f3n IP67 contra el agua y el polvo, para escuchar tu m\u00fasica favorita en cualquier condici\u00f3n. Protecci\u00f3n IP67 Es perfecto para ir a la piscina, ir al parque [&hellip;]<\/p>\n","protected":false},"featured_media":7419,"comment_status":"open","ping_status":"closed","template":"","meta":{"_monsterinsights_skip_tracking":false,"_monsterinsights_sitenote_active":false,"_monsterinsights_sitenote_note":"","_monsterinsights_sitenote_category":0},"product_brand":[],"product_cat":[],"product_tag":[],"class_list":{"0":"post-7413","1":"product","2":"type-product","3":"status-publish","4":"has-post-thumbnail","7":"first","8":"instock","9":"sale","10":"shipping-taxable","11":"purchasable","12":"product-type-simple"},"aioseo_notices":[],"_links":{"self":[{"href":"https:\/\/fajas-reductoras.com\/index.php\/wp-json\/wp\/v2\/product\/7413","targetHints":{"allow":["GET"]}}],"collection":[{"href":"https:\/\/fajas-reductoras.com\/index.php\/wp-json\/wp\/v2\/product"}],"about":[{"href":"https:\/\/fajas-reductoras.com\/index.php\/wp-json\/wp\/v2\/types\/product"}],"replies":[{"embeddable":true,"href":"https:\/\/fajas-reductoras.com\/index.php\/wp-json\/wp\/v2\/comments?post=7413"}],"wp:featuredmedia":[{"embeddable":true,"href":"https:\/\/fajas-reductoras.com\/index.php\/wp-json\/wp\/v2\/media\/7419"}],"wp:attachment":[{"href":"https:\/\/fajas-reductoras.com\/index.php\/wp-json\/wp\/v2\/media?parent=7413"}],"wp:term":[{"taxonomy":"product_brand","embeddable":true,"href":"https:\/\/fajas-reductoras.com\/index.php\/wp-json\/wp\/v2\/product_brand?post=7413"},{"taxonomy":"product_cat","embeddable":true,"href":"https:\/\/fajas-reductoras.com\/index.php\/wp-json\/wp\/v2\/product_cat?post=7413"},{"taxonomy":"product_tag","embeddable":true,"href":"https:\/\/fajas-reductoras.com\/index.php\/wp-json\/wp\/v2\/product_tag?post=7413"}],"curies":[{"name":"wp","href":"https:\/\/api.w.org\/{rel}","templated":true}]}}