{"id":7421,"date":"2024-05-07T14:47:13","date_gmt":"2024-05-07T14:47:13","guid":{"rendered":"https:\/\/fajas-reductoras.com\/?post_type=product&#038;p=7421"},"modified":"2024-05-07T14:47:15","modified_gmt":"2024-05-07T14:47:15","slug":"altavoz-inalambrico-jbl-partybox-110-12-h-ipx4-para-interiores-y-exteriores-iluminacion-led-negro","status":"publish","type":"product","link":"https:\/\/fajas-reductoras.com\/index.php\/product\/altavoz-inalambrico-jbl-partybox-110-12-h-ipx4-para-interiores-y-exteriores-iluminacion-led-negro\/","title":{"rendered":"Altavoz inal\u00e1mbrico &#8211; JBL PartyBox 110, 12 h, IPX4, Para Interiores y Exteriores, Iluminaci\u00f3n LED, Negro"},"content":{"rendered":"\n<p>\u00c9chate una fiesta con este altavoz inal\u00e1mbrico JBL PartyBox 110 en color negro, con 160 W de potencia e iluminaci\u00f3n LED para animar tus fiestas.<\/p>\n\n\n\n<h3 class=\"wp-block-heading\">Hasta 12 horas de bater\u00eda<\/h3>\n\n\n\n<p>Anima la fiesta durante todo el d\u00eda o toda la noche. Con&nbsp;<strong>hasta 12 horas<\/strong>&nbsp;de reproducci\u00f3n y una&nbsp;<strong>bater\u00eda recargable de 36 Wh<\/strong>, el ritmo seguir\u00e1 (y seguir\u00e1).<\/p>\n\n\n\n<h3 class=\"wp-block-heading\">Iluminaci\u00f3n LED<\/h3>\n\n\n\n<p>Cualquier tipo de m\u00fasica es mejor con un&nbsp;<strong>juego de luces din\u00e1mico<\/strong>. Los colores sincronizados con el ritmo hacen que quieras mover los pies, mientras que las luces estrobosc\u00f3picas y patrones personalizables deslumbran la mirada. Es una experiencia audiovisual \u00fanica e inmersiva que transforma cualquier fiesta en una obra de arte.<\/p>\n\n\n\n<h3 class=\"wp-block-heading\">Sonido potente<\/h3>\n\n\n\n<p>Tanto si est\u00e1s en casa como al aire libre, el JBL PartyBox 110 hace que tu m\u00fasica sea incre\u00edble con&nbsp;<strong>dos niveles de bajos profundos y ajustables<\/strong>, y el&nbsp;<strong>potente sonido JBL Original Pro<\/strong>. Gracias a los&nbsp;<strong>160 W de potencia<\/strong>, podr\u00e1s echarte una fiesta incluso en exteriores.<\/p>\n\n\n\n<h3 class=\"wp-block-heading\">Certificaci\u00f3n IPX4<\/h3>\n\n\n\n<p>Gracias a la&nbsp;<strong>certificaci\u00f3n IPX4<\/strong>, no tendr\u00e1s que preocuparte por si lo mojas un poco. Estar\u00e1 totalmente protegido contra las salpicaduras.<\/p>\n\n\n\n<figure class=\"wp-block-table\"><table><thead><tr><th>Caracter\u00edsticas<\/th><th><\/th><\/tr><\/thead><tbody><tr><td>Tipo de dispositivo<\/td><td>Altavoz inal\u00e1mbrico<\/td><\/tr><tr><td>Potencia total<\/td><td>160 W<\/td><\/tr><tr><td>N\u00famero de Altavoces<\/td><td>2<\/td><\/tr><tr><td>Medios de reproducci\u00f3n<\/td><td>.mp3, .wma, .wav<\/td><\/tr><tr><td>Karaoke function<\/td><td>S\u00ed, micr\u00f3fono no incluido<\/td><\/tr><tr><td>Conexiones<\/td><td>Bluetooth 5.1, USB, Entrada para micr\u00f3fono y guitarra<\/td><\/tr><tr><td>Tipo de bater\u00eda<\/td><td>36 Wh<\/td><\/tr><tr><td>Autonom\u00eda<\/td><td>12 h<\/td><\/tr><tr><td>Color (por fabricante)<\/td><td>Negro<\/td><\/tr><tr><td>Peso<\/td><td>10.84 kg<\/td><\/tr><tr><td>Contenido<\/td><td>1x JBL PartyBox 110, 1x Cable de alimentaci\u00f3n, 1x Gu\u00eda de inicio r\u00e1pido, 1x Hoja de seguridad, 1x Tarjeta de garant\u00eda<\/td><\/tr><tr><td>Profundidad<\/td><td>30 cm<\/td><\/tr><tr><td>Altura<\/td><td>56.8 cm<\/td><\/tr><tr><td>Anchura<\/td><td>29.5 cm<\/td><\/tr><\/tbody><\/table><\/figure>\n\n\n\n<p><a href=\"https:\/\/www.mediamarkt.es\/es\/product\/_altavoz-inalambrico-jbl-partybox-110-12-h-ipx4-para-interiores-y-exteriores-iluminacion-led-negro-1514478.html\"><\/a><a href=\"https:\/\/www.mediamarkt.es\/es\/product\/_altavoz-inalambrico-jbl-partybox-110-12-h-ipx4-para-interiores-y-exteriores-iluminacion-led-negro-1514478.html\"><\/a><a href=\"https:\/\/www.mediamarkt.es\/es\/product\/_altavoz-inalambrico-jbl-partybox-110-12-h-ipx4-para-interiores-y-exteriores-iluminacion-led-negro-1514478.html\"><\/a><a href=\"https:\/\/www.mediamarkt.es\/es\/product\/_altavoz-inalambrico-jbl-partybox-110-12-h-ipx4-para-interiores-y-exteriores-iluminacion-led-negro-1514478.html\"><\/a><a href=\"https:\/\/www.mediamarkt.es\/es\/product\/_altavoz-inalambrico-jbl-partybox-110-12-h-ipx4-para-interiores-y-exteriores-iluminacion-led-negro-1514478.html\"><\/a><a href=\"https:\/\/www.mediamarkt.es\/es\/product\/_altavoz-inalambrico-jbl-partybox-110-12-h-ipx4-para-interiores-y-exteriores-iluminacion-led-negro-1514478.html\"><\/a><\/p>\n\n\n\n<p><a href=\"https:\/\/www.mediamarkt.es\/es\/product\/_altavoz-inalambrico-jbl-partybox-110-12-h-ipx4-para-interiores-y-exteriores-iluminacion-led-negro-1514478.html\"><\/a><\/p>\n","protected":false},"excerpt":{"rendered":"<p>\u00c9chate una fiesta con este altavoz inal\u00e1mbrico JBL PartyBox 110 en color negro, con 160 W de potencia e iluminaci\u00f3n LED para animar tus fiestas. Hasta 12 horas de bater\u00eda Anima la fiesta durante todo el d\u00eda o toda la noche. Con&nbsp;hasta 12 horas&nbsp;de reproducci\u00f3n y una&nbsp;bater\u00eda recargable de 36 Wh, el ritmo seguir\u00e1 (y [&hellip;]<\/p>\n","protected":false},"featured_media":7437,"comment_status":"open","ping_status":"closed","template":"","meta":{"_monsterinsights_skip_tracking":false,"_monsterinsights_sitenote_active":false,"_monsterinsights_sitenote_note":"","_monsterinsights_sitenote_category":0},"product_brand":[],"product_cat":[],"product_tag":[],"class_list":{"0":"post-7421","1":"product","2":"type-product","3":"status-publish","4":"has-post-thumbnail","7":"first","8":"instock","9":"shipping-taxable","10":"purchasable","11":"product-type-simple"},"aioseo_notices":[],"_links":{"self":[{"href":"https:\/\/fajas-reductoras.com\/index.php\/wp-json\/wp\/v2\/product\/7421","targetHints":{"allow":["GET"]}}],"collection":[{"href":"https:\/\/fajas-reductoras.com\/index.php\/wp-json\/wp\/v2\/product"}],"about":[{"href":"https:\/\/fajas-reductoras.com\/index.php\/wp-json\/wp\/v2\/types\/product"}],"replies":[{"embeddable":true,"href":"https:\/\/fajas-reductoras.com\/index.php\/wp-json\/wp\/v2\/comments?post=7421"}],"wp:featuredmedia":[{"embeddable":true,"href":"https:\/\/fajas-reductoras.com\/index.php\/wp-json\/wp\/v2\/media\/7437"}],"wp:attachment":[{"href":"https:\/\/fajas-reductoras.com\/index.php\/wp-json\/wp\/v2\/media?parent=7421"}],"wp:term":[{"taxonomy":"product_brand","embeddable":true,"href":"https:\/\/fajas-reductoras.com\/index.php\/wp-json\/wp\/v2\/product_brand?post=7421"},{"taxonomy":"product_cat","embeddable":true,"href":"https:\/\/fajas-reductoras.com\/index.php\/wp-json\/wp\/v2\/product_cat?post=7421"},{"taxonomy":"product_tag","embeddable":true,"href":"https:\/\/fajas-reductoras.com\/index.php\/wp-json\/wp\/v2\/product_tag?post=7421"}],"curies":[{"name":"wp","href":"https:\/\/api.w.org\/{rel}","templated":true}]}}