{"id":7424,"date":"2024-05-07T14:54:53","date_gmt":"2024-05-07T14:54:53","guid":{"rendered":"https:\/\/fajas-reductoras.com\/?post_type=product&#038;p=7424"},"modified":"2024-05-07T14:54:55","modified_gmt":"2024-05-07T14:54:55","slug":"altavoz-de-gran-potencia-sony-srs-xv800b-inalambrico-para-fiestas-sonido-potente-360","status":"publish","type":"product","link":"https:\/\/fajas-reductoras.com\/index.php\/product\/altavoz-de-gran-potencia-sony-srs-xv800b-inalambrico-para-fiestas-sonido-potente-360\/","title":{"rendered":"Altavoz de gran potencia &#8211; Sony SRS-XV800B, Inal\u00e1mbrico para fiestas, Sonido potente 360\u00b0"},"content":{"rendered":"\n<p>El Sony SRS-XV800 es un altavoz inal\u00e1mbrico para fiestas con un sonido potente de 360\u00b0 que puedes disfrutar donde quieras, de d\u00eda y de noche, gracias a su bater\u00eda de incre\u00edble duraci\u00f3n y a sus impresionantes funciones.<\/p>\n\n\n\n<h3 class=\"wp-block-heading\">\u00a1Disfruta de un potente sonido de 360\u00b0 con el SRS-XV800!<\/h3>\n\n\n\n<p>Este gran altavoz Bluetooth admite sonido omnidireccional para fiestas y&nbsp;<strong>difunde un sonido potente en todas las direcciones<\/strong>, por lo que no importa en qu\u00e9 parte de la sala te encuentres, podr\u00e1s disfrutar del mismo incre\u00edble sonido. Los altavoces X-Balanced producen&nbsp;<strong>graves profundos y potentes y claridad vocal<\/strong>, incluso cuando subes el volumen. Cinco tweeters en la parte delantera y trasera ofrecen un sonido claro de alta frecuencia en todas partes. Y para dar un impulso extra a los graves, s\u00f3lo tienes que pulsar el bot\u00f3n MEGA BASS.&nbsp;<\/p>\n\n\n\n<h3 class=\"wp-block-heading\">Port\u00e1til y con bater\u00eda de larga duraci\u00f3n<\/h3>\n\n\n\n<p>Con una extraordinaria&nbsp;<strong>autonom\u00eda de 25 horas<\/strong>, este gran altavoz para fiestas mantiene la m\u00fasica d\u00eda y noche. Y si te quedas sin bater\u00eda, con la&nbsp;<strong>carga r\u00e1pida<\/strong>&nbsp;estar\u00e1s de vuelta en tan s\u00f3lo 10 minutos ( con 3 horas de bater\u00eda extra). Utiliza el altavoz en interiores o exteriores: el SRS-XV800 es un altavoz port\u00e1til con asas y ruedas resistentes para transportarlo f\u00e1cilmente por tu casa y exteriores. Tiene una clasificaci\u00f3n de&nbsp;<strong>resistencia al agua<\/strong>&nbsp;IPX4, por lo que una peque\u00f1a salpicadura de lluvia o bebida no arruinar\u00e1 la fiesta.<\/p>\n\n\n\n<h3 class=\"wp-block-heading\">Mejora el sonido de tu televisor<\/h3>\n\n\n\n<p>TV Sound Booster es una funci\u00f3n exclusiva de Sony que transforma la experiencia de ver la televisi\u00f3n con s\u00f3lo conectar el altavoz con un cable \u00f3ptico (incluido) al televisor. El SRS-XV800&nbsp;<strong>a\u00f1ade graves potentes al sonido del televisor y los tweeters traseros distribuyen el sonido por toda la sala<\/strong>. As\u00ed que si te gustan las pel\u00edculas, puedes convertir tu sal\u00f3n en un cine en casa en cuesti\u00f3n de segundos.<\/p>\n\n\n\n<h3 class=\"wp-block-heading\">Iluminaci\u00f3n multicolor<\/h3>\n\n\n\n<p>Este altavoz inal\u00e1mbrico cuenta con iluminaci\u00f3n multicolor que se sincroniza con la m\u00fasica y a\u00f1ade ambientaci\u00f3n a la fiesta, y con el intuitivo panel t\u00e1ctil, puedes controlar al instante el altavoz, incluso en la oscuridad. Para realizar ajustes adicionales, basta con ir a la aplicaci\u00f3n Sony | Music Center. Con la aplicaci\u00f3n puedes optimizar los ajustes de audio, controlar la m\u00fasica o seleccionar tu patr\u00f3n o color de iluminaci\u00f3n favoritos.<\/p>\n\n\n\n<h3 class=\"wp-block-heading\">Ideal para micr\u00f3fonos y guitarras<\/h3>\n\n\n\n<p>\u00bfTe gusta el karaoke o tocar la guitarra? Con dos entradas,&nbsp;<strong>puedes conectar dos micr\u00f3fonos o utilizar una entrada para tu guitarra<\/strong>&nbsp;y usar el SRS-XV800 como amplificador.<\/p>\n\n\n\n<p>Party Connect mediante Bluetooth te permite conectar hasta 100 altavoces Bluetooth de Sony compatibles para disfrutar de sonido e iluminaci\u00f3n sincronizados en una gran fiesta.<\/p>\n\n\n\n<h3 class=\"wp-block-heading\">Gran conectividad<\/h3>\n\n\n\n<p>Conecta al instante el altavoz a tu smartphone mediante&nbsp;<strong>Bluetooth Fast Pair<\/strong>&nbsp;para Android, o bien con\u00e9ctalo y reproduce mediante el puerto de&nbsp;<strong>reproducci\u00f3n USB<\/strong>&nbsp;para escuchar tus canciones favoritas. Incluso puedes&nbsp;<strong>utilizar el SRS-XV800 para cargar tu smartphone<\/strong>.<\/p>\n\n\n\n<h3 class=\"wp-block-heading\">Ideal tanto exterior e interior<\/h3>\n\n\n\n<p>Gracias al sonido omnidireccional, que reparte el sonido en todas direcciones, y el potente sonido de la mano de los X-Balanced Speakers. Adem\u00e1s de su bater\u00eda de larga duraci\u00f3n (25 horas) y su resistencia a las salpicaduras (certificaci\u00f3n IPX4); este altavoz es&nbsp;<strong>ideal para disfrutar de fiestas<\/strong>&nbsp;tanto en interiores como exteriores.<\/p>\n","protected":false},"excerpt":{"rendered":"<p>El Sony SRS-XV800 es un altavoz inal\u00e1mbrico para fiestas con un sonido potente de 360\u00b0 que puedes disfrutar donde quieras, de d\u00eda y de noche, gracias a su bater\u00eda de incre\u00edble duraci\u00f3n y a sus impresionantes funciones. \u00a1Disfruta de un potente sonido de 360\u00b0 con el SRS-XV800! Este gran altavoz Bluetooth admite sonido omnidireccional para [&hellip;]<\/p>\n","protected":false},"featured_media":7447,"comment_status":"open","ping_status":"closed","template":"","meta":{"_monsterinsights_skip_tracking":false,"_monsterinsights_sitenote_active":false,"_monsterinsights_sitenote_note":"","_monsterinsights_sitenote_category":0},"product_brand":[],"product_cat":[],"product_tag":[],"class_list":{"0":"post-7424","1":"product","2":"type-product","3":"status-publish","4":"has-post-thumbnail","7":"first","8":"instock","9":"sale","10":"shipping-taxable","11":"purchasable","12":"product-type-simple"},"aioseo_notices":[],"_links":{"self":[{"href":"https:\/\/fajas-reductoras.com\/index.php\/wp-json\/wp\/v2\/product\/7424","targetHints":{"allow":["GET"]}}],"collection":[{"href":"https:\/\/fajas-reductoras.com\/index.php\/wp-json\/wp\/v2\/product"}],"about":[{"href":"https:\/\/fajas-reductoras.com\/index.php\/wp-json\/wp\/v2\/types\/product"}],"replies":[{"embeddable":true,"href":"https:\/\/fajas-reductoras.com\/index.php\/wp-json\/wp\/v2\/comments?post=7424"}],"wp:featuredmedia":[{"embeddable":true,"href":"https:\/\/fajas-reductoras.com\/index.php\/wp-json\/wp\/v2\/media\/7447"}],"wp:attachment":[{"href":"https:\/\/fajas-reductoras.com\/index.php\/wp-json\/wp\/v2\/media?parent=7424"}],"wp:term":[{"taxonomy":"product_brand","embeddable":true,"href":"https:\/\/fajas-reductoras.com\/index.php\/wp-json\/wp\/v2\/product_brand?post=7424"},{"taxonomy":"product_cat","embeddable":true,"href":"https:\/\/fajas-reductoras.com\/index.php\/wp-json\/wp\/v2\/product_cat?post=7424"},{"taxonomy":"product_tag","embeddable":true,"href":"https:\/\/fajas-reductoras.com\/index.php\/wp-json\/wp\/v2\/product_tag?post=7424"}],"curies":[{"name":"wp","href":"https:\/\/api.w.org\/{rel}","templated":true}]}}