{"id":7448,"date":"2024-05-07T14:59:17","date_gmt":"2024-05-07T14:59:17","guid":{"rendered":"https:\/\/fajas-reductoras.com\/?post_type=product&#038;p=7448"},"modified":"2024-05-07T14:59:18","modified_gmt":"2024-05-07T14:59:18","slug":"altavoz-inalambrico-jbl-partybox-encore-essential-100-w-bluetooth-6-horas","status":"publish","type":"product","link":"https:\/\/fajas-reductoras.com\/index.php\/product\/altavoz-inalambrico-jbl-partybox-encore-essential-100-w-bluetooth-6-horas\/","title":{"rendered":"Altavoz inal\u00e1mbrico &#8211; JBL PartyBox Encore Essential, 100 W, Bluetooth, 6 Horas"},"content":{"rendered":"\n<p>El altavoz port\u00e1til JBL PartyBox Encore Essential te brinda 6 horas de entretenimiento ininterrumpido. Con un mango ergon\u00f3mico y un dise\u00f1o a prueba de derrames, puedes llevarte la fiesta a donde vayas. \u00bfQuieres bailar en la playa? \u00bfQuieres refrescarte en la piscina? Deja que la m\u00fasica te lleve donde quieras con el excepcional sonido JBL Original Pro y los graves profundos. Deja que el incre\u00edble espect\u00e1culo de luces incorporado establezca el ambiente.<\/p>\n\n\n\n<h3 class=\"wp-block-heading\">Incre\u00edble sonido JBL Original Pro<\/h3>\n\n\n\n<p>No hay nada mejor que el incre\u00edble sonido&nbsp;<strong>JBL Original Pro<\/strong>&nbsp;con graves profundos.<\/p>\n\n\n\n<h3 class=\"wp-block-heading\">Las luces cobran vida al ritmo de la m\u00fasica.<\/h3>\n\n\n\n<p>El&nbsp;<strong>espect\u00e1culo de luces din\u00e1mico<\/strong>&nbsp;presenta un divertido anillo de luz y un efecto estrobosc\u00f3pico que se sincroniza con el ritmo de tu m\u00fasica.<\/p>\n\n\n\n<h3 class=\"wp-block-heading\">6 horas de bater\u00eda<\/h3>\n\n\n\n<p>\u00bfNo hay un punto de venta cerca? No hay problema. Con hasta&nbsp;<strong>6 horas de duraci\u00f3n de la bater\u00eda<\/strong>, la fiesta contin\u00faa donde quiera que vayas con JBL PartyBox Encore Essential.<\/p>\n\n\n\n<h3 class=\"wp-block-heading\">IPX4, resistencia a salpicaduras<\/h3>\n\n\n\n<p>\u00bfQuieres bailar en la playa? \u00bfQuieres ir de fiesta junto a la piscina? El JBL PartyBox Encore Essential tiene<strong>&nbsp;resistencia a salpicaduras IPX4<\/strong>. As\u00ed puedes dejar que la noche est\u00e9 en pleno apogeo incluso a la orilla del agua.<\/p>\n\n\n\n<h3 class=\"wp-block-heading\">Entrada de micr\u00f3fono con cable<\/h3>\n\n\n\n<p>Entra en el centro de atenci\u00f3n. Convierte cualquier fiesta en&nbsp;<strong>karaoke&nbsp;<\/strong>con la entrada de micr\u00f3fono con cable.<\/p>\n\n\n\n<h3 class=\"wp-block-heading\">Aplicaci\u00f3n Party Box<\/h3>\n\n\n\n<p>La&nbsp;<strong>aplicaci\u00f3n JBL PartyBox&nbsp;<\/strong>hace que sea m\u00e1s f\u00e1cil que nunca controlar tu m\u00fasica, actualizar la configuraci\u00f3n y personalizar los colores de tus efectos de luz para crear el ambiente de fiesta perfecto.<\/p>\n\n\n\n<h3 class=\"wp-block-heading\">Reproducci\u00f3n de m\u00faltiples fuentes<\/h3>\n\n\n\n<p>Transmita sus canciones de forma inal\u00e1mbrica a trav\u00e9s de Bluetooth,&nbsp;<strong>conecte una unidad USB o conecte un cable auxiliar<\/strong>. El JBL PartyBox Encore Essential ofrece la m\u00e1xima versatilidad para su m\u00fasica.<\/p>\n\n\n\n<figure class=\"wp-block-table\"><table><thead><tr><th>Caracter\u00edsticas<\/th><th><\/th><\/tr><\/thead><tbody><tr><td>Tipo de dispositivo<\/td><td>Altavoz inal\u00e1mbrico<\/td><\/tr><tr><td>Potencia total<\/td><td>100 W<\/td><\/tr><tr><td>Potencia RMS<\/td><td>100 W<\/td><\/tr><tr><td>Compatible con la aplicaci\u00f3n<\/td><td>S\u00ed<\/td><\/tr><tr><td>Conexiones<\/td><td>Bluetooth<\/td><\/tr><tr><td>Bluetooth<\/td><td>S\u00ed<\/td><\/tr><tr><td>NFC<\/td><td>No<\/td><\/tr><tr><td>Tipo de bater\u00eda<\/td><td>6 Horas<\/td><\/tr><tr><td>Color (por fabricante)<\/td><td>Negro<\/td><\/tr><tr><td>Peso (seg\u00fan el fabricante)<\/td><td>5.9 kg<\/td><\/tr><tr><td>Peso<\/td><td>5.9 kg<\/td><\/tr><tr><td>Contenido<\/td><td>x1 Altavoz; x1 manual; x1 cable de alimentaci\u00f3n<\/td><\/tr><tr><td>Profundidad<\/td><td>29.3 cm<\/td><\/tr><tr><td>Altura<\/td><td>32.7 cm<\/td><\/tr><tr><td>Anchura<\/td><td>27.6 cm<\/td><\/tr><tr><td>Manufacturer Part Number (MPN)<\/td><td>PBENCOREESSEP<\/td><\/tr><\/tbody><\/table><\/figure>\n\n\n\n<p><a href=\"https:\/\/www.mediamarkt.es\/es\/product\/_altavoz-inalambrico-jbl-partybox-encore-essential-100-w-bluetooth-6-horas-4800-mah-negro-1539357.html?utm_source=google&amp;utm_medium=seo-product%20feed&amp;srsltid=AfmBOorskBRd-Trm8vS0Iem4kHCeEhbs65ettwUQsh40MMKhHisnbBOb_Yc\"><\/a><a href=\"https:\/\/www.mediamarkt.es\/es\/product\/_altavoz-inalambrico-jbl-partybox-encore-essential-100-w-bluetooth-6-horas-4800-mah-negro-1539357.html?utm_source=google&amp;utm_medium=seo-product%20feed&amp;srsltid=AfmBOorskBRd-Trm8vS0Iem4kHCeEhbs65ettwUQsh40MMKhHisnbBOb_Yc\"><\/a><a href=\"https:\/\/www.mediamarkt.es\/es\/product\/_altavoz-inalambrico-jbl-partybox-encore-essential-100-w-bluetooth-6-horas-4800-mah-negro-1539357.html?utm_source=google&amp;utm_medium=seo-product%20feed&amp;srsltid=AfmBOorskBRd-Trm8vS0Iem4kHCeEhbs65ettwUQsh40MMKhHisnbBOb_Yc\"><\/a><a href=\"https:\/\/www.mediamarkt.es\/es\/product\/_altavoz-inalambrico-jbl-partybox-encore-essential-100-w-bluetooth-6-horas-4800-mah-negro-1539357.html?utm_source=google&amp;utm_medium=seo-product%20feed&amp;srsltid=AfmBOorskBRd-Trm8vS0Iem4kHCeEhbs65ettwUQsh40MMKhHisnbBOb_Yc\"><\/a><a href=\"https:\/\/www.mediamarkt.es\/es\/product\/_altavoz-inalambrico-jbl-partybox-encore-essential-100-w-bluetooth-6-horas-4800-mah-negro-1539357.html?utm_source=google&amp;utm_medium=seo-product%20feed&amp;srsltid=AfmBOorskBRd-Trm8vS0Iem4kHCeEhbs65ettwUQsh40MMKhHisnbBOb_Yc\"><\/a><a href=\"https:\/\/www.mediamarkt.es\/es\/product\/_altavoz-inalambrico-jbl-partybox-encore-essential-100-w-bluetooth-6-horas-4800-mah-negro-1539357.html?utm_source=google&amp;utm_medium=seo-product%20feed&amp;srsltid=AfmBOorskBRd-Trm8vS0Iem4kHCeEhbs65ettwUQsh40MMKhHisnbBOb_Yc\"><\/a><\/p>\n\n\n\n<p><a href=\"https:\/\/www.mediamarkt.es\/es\/product\/_altavoz-inalambrico-jbl-partybox-encore-essential-100-w-bluetooth-6-horas-4800-mah-negro-1539357.html?utm_source=google&amp;utm_medium=seo-product%20feed&amp;srsltid=AfmBOorskBRd-Trm8vS0Iem4kHCeEhbs65ettwUQsh40MMKhHisnbBOb_Yc\"><\/a><\/p>\n","protected":false},"excerpt":{"rendered":"<p>El altavoz port\u00e1til JBL PartyBox Encore Essential te brinda 6 horas de entretenimiento ininterrumpido. Con un mango ergon\u00f3mico y un dise\u00f1o a prueba de derrames, puedes llevarte la fiesta a donde vayas. \u00bfQuieres bailar en la playa? \u00bfQuieres refrescarte en la piscina? Deja que la m\u00fasica te lleve donde quieras con el excepcional sonido JBL [&hellip;]<\/p>\n","protected":false},"featured_media":7460,"comment_status":"open","ping_status":"closed","template":"","meta":{"_monsterinsights_skip_tracking":false,"_monsterinsights_sitenote_active":false,"_monsterinsights_sitenote_note":"","_monsterinsights_sitenote_category":0},"product_brand":[],"product_cat":[],"product_tag":[],"class_list":{"0":"post-7448","1":"product","2":"type-product","3":"status-publish","4":"has-post-thumbnail","7":"first","8":"instock","9":"shipping-taxable","10":"purchasable","11":"product-type-simple"},"aioseo_notices":[],"_links":{"self":[{"href":"https:\/\/fajas-reductoras.com\/index.php\/wp-json\/wp\/v2\/product\/7448","targetHints":{"allow":["GET"]}}],"collection":[{"href":"https:\/\/fajas-reductoras.com\/index.php\/wp-json\/wp\/v2\/product"}],"about":[{"href":"https:\/\/fajas-reductoras.com\/index.php\/wp-json\/wp\/v2\/types\/product"}],"replies":[{"embeddable":true,"href":"https:\/\/fajas-reductoras.com\/index.php\/wp-json\/wp\/v2\/comments?post=7448"}],"wp:featuredmedia":[{"embeddable":true,"href":"https:\/\/fajas-reductoras.com\/index.php\/wp-json\/wp\/v2\/media\/7460"}],"wp:attachment":[{"href":"https:\/\/fajas-reductoras.com\/index.php\/wp-json\/wp\/v2\/media?parent=7448"}],"wp:term":[{"taxonomy":"product_brand","embeddable":true,"href":"https:\/\/fajas-reductoras.com\/index.php\/wp-json\/wp\/v2\/product_brand?post=7448"},{"taxonomy":"product_cat","embeddable":true,"href":"https:\/\/fajas-reductoras.com\/index.php\/wp-json\/wp\/v2\/product_cat?post=7448"},{"taxonomy":"product_tag","embeddable":true,"href":"https:\/\/fajas-reductoras.com\/index.php\/wp-json\/wp\/v2\/product_tag?post=7448"}],"curies":[{"name":"wp","href":"https:\/\/api.w.org\/{rel}","templated":true}]}}