{"id":7452,"date":"2024-05-07T16:05:59","date_gmt":"2024-05-07T16:05:59","guid":{"rendered":"https:\/\/fajas-reductoras.com\/?post_type=product&#038;p=7452"},"modified":"2024-05-07T16:07:50","modified_gmt":"2024-05-07T16:07:50","slug":"tecno-pova-5-pro-dual-sim-256-gb-plateado-8-gb-ram","status":"publish","type":"product","link":"https:\/\/fajas-reductoras.com\/index.php\/product\/tecno-pova-5-pro-dual-sim-256-gb-plateado-8-gb-ram\/","title":{"rendered":"Tecno Pova 5 Pro Dual SIM 256 GB plateado 8 GB RAM"},"content":{"rendered":"\n<p>Fotograf\u00eda profesional en tu bolsillo<br>Descubre infinitas posibilidades para tus fotos con las 3 c\u00e1maras principales de tu equipo. Pon a prueba tu creatividad y juega con la iluminaci\u00f3n, diferentes planos y efectos para obtener grandes resultados.<\/p>\n\n\n\n<p>Adem\u00e1s, el dispositivo cuenta con c\u00e1mara frontal de 16 Mpx para que puedas sacarte divertidas selfies o hacer videollamadas.<\/p>\n\n\n\n<p>Capacidad y eficiencia<br>Con su potente procesador y memoria RAM de 8 GB tu equipo alcanzar\u00e1 un alto rendimiento con gran velocidad de transmisi\u00f3n de contenidos y ejecutar\u00e1 m\u00faltiples aplicaciones a la vez sin demoras.<\/p>\n\n\n\n<p>Desbloqueo veloz con tu huella digital<br>Con el sensor de huella digital, el acceso es seguro y podr\u00e1s desbloquearlo autom\u00e1ticamente con un toque.<\/p>\n\n\n\n<p>Bater\u00eda de duraci\u00f3n superior<br>\u00a1Desench\u00fafate! Con la s\u00faper bater\u00eda de 5000 mAh tendr\u00e1s energ\u00eda por mucho m\u00e1s tiempo para jugar, ver series o trabajar sin necesidad de realizar recargas.<\/p>\n","protected":false},"excerpt":{"rendered":"<p>Fotograf\u00eda profesional en tu bolsilloDescubre infinitas posibilidades para tus fotos con las 3 c\u00e1maras principales de tu equipo. Pon a prueba tu creatividad y juega con la iluminaci\u00f3n, diferentes planos y efectos para obtener grandes resultados. Adem\u00e1s, el dispositivo cuenta con c\u00e1mara frontal de 16 Mpx para que puedas sacarte divertidas selfies o hacer videollamadas. [&hellip;]<\/p>\n","protected":false},"featured_media":7470,"comment_status":"open","ping_status":"closed","template":"","meta":{"_monsterinsights_skip_tracking":false,"_monsterinsights_sitenote_active":false,"_monsterinsights_sitenote_note":"","_monsterinsights_sitenote_category":0},"product_brand":[],"product_cat":[],"product_tag":[],"class_list":{"0":"post-7452","1":"product","2":"type-product","3":"status-publish","4":"has-post-thumbnail","7":"first","8":"instock","9":"sale","10":"shipping-taxable","11":"purchasable","12":"product-type-simple"},"aioseo_notices":[],"_links":{"self":[{"href":"https:\/\/fajas-reductoras.com\/index.php\/wp-json\/wp\/v2\/product\/7452","targetHints":{"allow":["GET"]}}],"collection":[{"href":"https:\/\/fajas-reductoras.com\/index.php\/wp-json\/wp\/v2\/product"}],"about":[{"href":"https:\/\/fajas-reductoras.com\/index.php\/wp-json\/wp\/v2\/types\/product"}],"replies":[{"embeddable":true,"href":"https:\/\/fajas-reductoras.com\/index.php\/wp-json\/wp\/v2\/comments?post=7452"}],"wp:featuredmedia":[{"embeddable":true,"href":"https:\/\/fajas-reductoras.com\/index.php\/wp-json\/wp\/v2\/media\/7470"}],"wp:attachment":[{"href":"https:\/\/fajas-reductoras.com\/index.php\/wp-json\/wp\/v2\/media?parent=7452"}],"wp:term":[{"taxonomy":"product_brand","embeddable":true,"href":"https:\/\/fajas-reductoras.com\/index.php\/wp-json\/wp\/v2\/product_brand?post=7452"},{"taxonomy":"product_cat","embeddable":true,"href":"https:\/\/fajas-reductoras.com\/index.php\/wp-json\/wp\/v2\/product_cat?post=7452"},{"taxonomy":"product_tag","embeddable":true,"href":"https:\/\/fajas-reductoras.com\/index.php\/wp-json\/wp\/v2\/product_tag?post=7452"}],"curies":[{"name":"wp","href":"https:\/\/api.w.org\/{rel}","templated":true}]}}