{"id":7473,"date":"2024-05-07T16:08:26","date_gmt":"2024-05-07T16:08:26","guid":{"rendered":"https:\/\/fajas-reductoras.com\/?post_type=product&#038;p=7473"},"modified":"2024-05-07T16:11:29","modified_gmt":"2024-05-07T16:11:29","slug":"apple-iphone-15-pro-max-256-gb-titanio-azul-distribuidor-autorizado","status":"publish","type":"product","link":"https:\/\/fajas-reductoras.com\/index.php\/product\/apple-iphone-15-pro-max-256-gb-titanio-azul-distribuidor-autorizado\/","title":{"rendered":"Apple iPhone 15 Pro Max (256 GB) &#8211; Titanio Azul &#8211; Distribuidor Autorizado"},"content":{"rendered":"\n<p><a href=\"https:\/\/www.mercadolibre.com.mx\/noindex\/catalog\/reviews\/MLM1027172714?noIndex=true&amp;access=view_all&amp;modal=true&amp;controlled=true\"><\/a><\/p>\n\n\n\n<p><\/p>\n\n\n\n<figure class=\"wp-block-image\"><img decoding=\"async\" src=\"https:\/\/cms-images.mmst.eu\/osyynfyvlyjc\/1SDA0X9BHoVNYGKgYrcgb9\/9ef06bfd7cd045c2768ee33f40385565\/img1.png?q=80\" alt=\"1\"\/><\/figure>\n\n\n\n<figure class=\"wp-block-image\"><img decoding=\"async\" src=\"https:\/\/cms-images.mmst.eu\/osyynfyvlyjc\/7sUKjhSCgUl2FCRSSWC5PK\/4651344a8e46c69a3aa254db84de8634\/img2.png?q=80\" alt=\"2\"\/><\/figure>\n\n\n\n<figure class=\"wp-block-image\"><img decoding=\"async\" src=\"https:\/\/cms-images.mmst.eu\/osyynfyvlyjc\/4lpTikpqHg1bRHKB4oqoFZ\/c752a0f9688766d455f16afaad24bca2\/img3.png?q=80\" alt=\"3\"\/><\/figure>\n\n\n\n<figure class=\"wp-block-image\"><img decoding=\"async\" src=\"https:\/\/cms-images.mmst.eu\/osyynfyvlyjc\/1XDLgkdet9XHKjqMy1zl7M\/2fc629b446a1430e8f2152d2d06fbe78\/img4.png?q=80\" alt=\"4\"\/><\/figure>\n\n\n\n<figure class=\"wp-block-image\"><img decoding=\"async\" src=\"https:\/\/cms-images.mmst.eu\/osyynfyvlyjc\/4OgPdwnO0vDG5F2nZiTUCZ\/943bf918ae2a14f0fd9a6a89a20e88cd\/img5.png?q=80\" alt=\"5\"\/><\/figure>\n\n\n\n<figure class=\"wp-block-image\"><img decoding=\"async\" src=\"https:\/\/cms-images.mmst.eu\/osyynfyvlyjc\/11FHzyz4PZHXRH70AUuBNF\/162469a97daa110b930b837d839adacf\/img6.png?q=80\" alt=\"6\"\/><\/figure>\n\n\n\n<figure class=\"wp-block-image\"><img decoding=\"async\" src=\"https:\/\/cms-images.mmst.eu\/osyynfyvlyjc\/7eegGePqqfJxvOIXHGUrEU\/8d2e01d38089ced349517ec614dcdf27\/img7.png?q=80\" alt=\"7\"\/><\/figure>\n\n\n\n<figure class=\"wp-block-image\"><img decoding=\"async\" src=\"https:\/\/cms-images.mmst.eu\/osyynfyvlyjc\/LRo6khMygSEup9Yx8BXEr\/7759b64d36128ada39fbf19a4e7695ac\/img8.png?q=80\" alt=\"8\"\/><\/figure>\n\n\n\n<figure class=\"wp-block-image\"><img decoding=\"async\" src=\"https:\/\/cms-images.mmst.eu\/osyynfyvlyjc\/7aCUpmibHN1oDGzlm5TepA\/b47680ddc610fea73dffaca0964c1f47\/img9.png?q=80\" alt=\"9\"\/><\/figure>\n\n\n\n<figure class=\"wp-block-image\"><img decoding=\"async\" src=\"https:\/\/cms-images.mmst.eu\/osyynfyvlyjc\/7b8qrBKOe97UYiroa6NDif\/0572a8ecaf171975b254ab070feb9bf6\/img10.png?q=80\" alt=\"10\"\/><\/figure>\n\n\n\n<figure class=\"wp-block-image\"><img decoding=\"async\" src=\"https:\/\/cms-images.mmst.eu\/osyynfyvlyjc\/2B8St4WX2taaBi4En9PJS6\/f670bffdf198ea6a2baaed364f065e78\/img11.png?q=80\" alt=\"11\"\/><\/figure>\n\n\n\n<figure class=\"wp-block-image\"><img decoding=\"async\" src=\"https:\/\/cms-images.mmst.eu\/osyynfyvlyjc\/2q71Pi3tU1c4MrifgJUcsM\/6fdd615a4a1fa3a8c6cd6117cb029f03\/img12.png?q=80\" alt=\"12\"\/><\/figure>\n\n\n\n<figure class=\"wp-block-image\"><img decoding=\"async\" src=\"https:\/\/cms-images.mmst.eu\/osyynfyvlyjc\/2CanuvNxKTjEsfKwaQ13lu\/a2623b6c80c274efaedfce349c8309b1\/img13.png?q=80\" alt=\"13\"\/><\/figure>\n\n\n\n<figure class=\"wp-block-image\"><img decoding=\"async\" src=\"https:\/\/cms-images.mmst.eu\/osyynfyvlyjc\/2Q0pR8lxGDDin3vdTXfV0F\/840741820fa1125074fda30693aa4f90\/img14.png?q=80\" alt=\"14\"\/><\/figure>\n\n\n\n<p><a href=\"https:\/\/www.mercadolibre.com.mx\/noindex\/catalog\/reviews\/MLM1027172714?noIndex=true&amp;access=view_all&amp;modal=true&amp;controlled=true\"><\/a><\/p>\n\n\n\n<figure class=\"wp-block-table\"><table><thead><tr><th>Caracteristicas t\u00e9cnicas<\/th><th><\/th><\/tr><\/thead><tbody><tr><td>Tipo de dispositivo<\/td><td>M\u00f3vil<\/td><\/tr><tr><td>Procesador<\/td><td>Chip A17&nbsp;Pro (CPU de 6 n\u00facleos, GPU de 6 n\u00facleos y Neural Engine de 16 n\u00facleos)<\/td><\/tr><tr><td>Capacidad memoria<\/td><td>256 GB<\/td><\/tr><tr><td>Admite SD<\/td><td>No<\/td><\/tr><tr><td>Sensores<\/td><td>Face ID, Esc\u00e1ner LiDAR, Bar\u00f3metro, Giroscopio de alto rango din\u00e1mico, Aceler\u00f3metro de fuerza g alta, Sensor de proximidad, Doble sensor de luz ambiental<\/td><\/tr><tr><td>Tama\u00f1o de la tarjeta SIM<\/td><td>Nano SIM<\/td><\/tr><tr><td>Inteligencia Artificial<\/td><td>IA Ready<\/td><\/tr><\/tbody><\/table><\/figure>\n\n\n\n<figure class=\"wp-block-table\"><table><thead><tr><th>Pantalla<\/th><th><\/th><\/tr><\/thead><tbody><tr><td>Tama\u00f1o pantalla (cm)<\/td><td>17.01 cm<\/td><\/tr><tr><td>Tama\u00f1o pantalla (pulgadas)<\/td><td>6.7 \u00ab<\/td><\/tr><tr><td>Tama\u00f1o Pantalla (cm\/pulg.)<\/td><td>17.01 cm \/ 6.7 \u00ab<\/td><\/tr><tr><td>Resoluci\u00f3n (AlxAn)<\/td><td>2796 x 1290 pixels<\/td><\/tr><tr><td>Pantalla<\/td><td>Pantalla OLED Super Retina XDR<\/td><\/tr><tr><td>Resoluci\u00f3n Horizontal<\/td><td>1290 pixels<\/td><\/tr><tr><td>Resoluci\u00f3n Vertical<\/td><td>2796 pixels<\/td><\/tr><tr><td>Pantalla a Color<\/td><td>S\u00ed<\/td><\/tr><tr><td>Pantalla t\u00e1ctil<\/td><td>S\u00ed<\/td><\/tr><\/tbody><\/table><\/figure>\n\n\n\n<figure class=\"wp-block-table\"><table><thead><tr><th>C\u00e1mara<\/th><th><\/th><\/tr><\/thead><tbody><tr><td>C\u00e1mara trasera<\/td><td>Doble c\u00e1mara<\/td><\/tr><tr><td>Resoluci\u00f3n c\u00e1mara trasera<\/td><td>48 megapixel<\/td><\/tr><tr><td>Caracter\u00edsticas c\u00e1mara trasera<\/td><td>Sistema de c\u00e1maras Pro:, Principal de 48 Mpx: 24 mm, apertura de \u0192\/1,78, estabili\u00aczaci\u00f3n \u00f3ptica, 100 % Focus Pixels (24 y 48 Mpx), Ultra gran angular de 12 Mpx: 13 mm, apertura de \u0192\/2,2 y campo de visi\u00f3n de 120\u00b0 y 100 % Focus Pixels, Teleobjetivo x2 de 12 Mpx (gracias al sensor Quad Pixel): 48 mm, apertura de \u0192\/1,78, estabili\u00aczaci\u00f3n \u00f3ptica de imagen por desplazamiento del sensor de segunda generaci\u00f3n y 100 % Focus Pixels, Teleobjetivo x5 de 12 Mpx: 120 mm, apertura de \u0192\/2,8<\/td><\/tr><tr><td>C\u00e1mara frontal<\/td><td>C\u00e1mara \u00fanica<\/td><\/tr><\/tbody><\/table><\/figure>\n","protected":false},"excerpt":{"rendered":"<p>Caracteristicas t\u00e9cnicas Tipo de dispositivo M\u00f3vil Procesador Chip A17&nbsp;Pro (CPU de 6 n\u00facleos, GPU de 6 n\u00facleos y Neural Engine de 16 n\u00facleos) Capacidad memoria 256 GB Admite SD No Sensores Face ID, Esc\u00e1ner LiDAR, Bar\u00f3metro, Giroscopio de alto rango din\u00e1mico, Aceler\u00f3metro de fuerza g alta, Sensor de proximidad, Doble sensor de luz ambiental Tama\u00f1o [&hellip;]<\/p>\n","protected":false},"featured_media":7477,"comment_status":"open","ping_status":"closed","template":"","meta":{"_monsterinsights_skip_tracking":false,"_monsterinsights_sitenote_active":false,"_monsterinsights_sitenote_note":"","_monsterinsights_sitenote_category":0},"product_brand":[],"product_cat":[15],"product_tag":[],"class_list":{"0":"post-7473","1":"product","2":"type-product","3":"status-publish","4":"has-post-thumbnail","6":"product_cat-uncategorized","8":"first","9":"instock","10":"sale","11":"shipping-taxable","12":"purchasable","13":"product-type-simple"},"aioseo_notices":[],"_links":{"self":[{"href":"https:\/\/fajas-reductoras.com\/index.php\/wp-json\/wp\/v2\/product\/7473","targetHints":{"allow":["GET"]}}],"collection":[{"href":"https:\/\/fajas-reductoras.com\/index.php\/wp-json\/wp\/v2\/product"}],"about":[{"href":"https:\/\/fajas-reductoras.com\/index.php\/wp-json\/wp\/v2\/types\/product"}],"replies":[{"embeddable":true,"href":"https:\/\/fajas-reductoras.com\/index.php\/wp-json\/wp\/v2\/comments?post=7473"}],"wp:featuredmedia":[{"embeddable":true,"href":"https:\/\/fajas-reductoras.com\/index.php\/wp-json\/wp\/v2\/media\/7477"}],"wp:attachment":[{"href":"https:\/\/fajas-reductoras.com\/index.php\/wp-json\/wp\/v2\/media?parent=7473"}],"wp:term":[{"taxonomy":"product_brand","embeddable":true,"href":"https:\/\/fajas-reductoras.com\/index.php\/wp-json\/wp\/v2\/product_brand?post=7473"},{"taxonomy":"product_cat","embeddable":true,"href":"https:\/\/fajas-reductoras.com\/index.php\/wp-json\/wp\/v2\/product_cat?post=7473"},{"taxonomy":"product_tag","embeddable":true,"href":"https:\/\/fajas-reductoras.com\/index.php\/wp-json\/wp\/v2\/product_tag?post=7473"}],"curies":[{"name":"wp","href":"https:\/\/api.w.org\/{rel}","templated":true}]}}