{"id":7483,"date":"2024-05-07T16:16:04","date_gmt":"2024-05-07T16:16:04","guid":{"rendered":"https:\/\/fajas-reductoras.com\/?post_type=product&#038;p=7483"},"modified":"2024-05-07T16:16:17","modified_gmt":"2024-05-07T16:16:17","slug":"samsung-galaxy-s20-128-gb-cosmic-gray-8-gb-ram","status":"publish","type":"product","link":"https:\/\/fajas-reductoras.com\/index.php\/product\/samsung-galaxy-s20-128-gb-cosmic-gray-8-gb-ram\/","title":{"rendered":"Samsung Galaxy S20+ 128 Gb Cosmic Gray 8 Gb Ram"},"content":{"rendered":"\n<p>Brindamos un amplio cat\u00e1logo y ofertas con colecciones inspiradas en las \u00faltimas tecnolog\u00edas.<br>\u00a1Servicio, calidad y precio de todos nuestros productos!<\/p>\n\n\n\n<p>Compra con confianza. Nuestra experiencia nos avala.<br>&#8212;&#8212;&#8212;&#8212;&#8212;&#8212;&#8212;&#8212;&#8212;&#8212;&#8212;&#8212;&#8212;&#8212;&#8212;&#8212;&#8212;&#8212;&#8212;<\/p>\n\n\n\n<p>\u00a1Atenci\u00f3n, leer antes de comprar!<br>SOBRE NUESTROS EQUIPOS:<\/p>\n\n\n\n<p>\u2022Equipos certificados.<br>\u2022Probados t\u00e9cnicamente asegurando calidad en su funcionamiento.<br>\u2022Est\u00e9tica de 9 a 10.<br>\u2022Vida \u00fatil de la bater\u00eda arriba del 80%.<br>INCLUYE:<br>\u2022Caja gen\u00e9rica.<br>\u2022Cargador y cable USB gen\u00e9ricos certificados.<\/p>\n\n\n\n<p>GARANT\u00cdA DE CALIDAD<\/p>\n\n\n\n<p>Ante cualquier inconveniente con el producto estamos para servirle. Le pedimos que se comunique con nuestro soporte t\u00e9cnico y ser\u00e1 atendido a la brevedad.<\/p>\n\n\n\n<p>La garant\u00eda de TRES MESES contra defectos de f\u00e1brica.<\/p>\n\n\n\n<p>NO INCLUYE:<br>\u2022Da\u00f1os por producto mojado, maltratado o golpeado.<\/p>\n\n\n\n<p>&#8212;&#8212;&#8212;&#8212;&#8212;&#8212;&#8212;&#8212;&#8212;&#8212;&#8212;&#8212;&#8212;&#8212;&#8212;<\/p>\n\n\n\n<p>Fotograf\u00eda profesional en tu bolsillo<br>Descubre infinitas posibilidades para tus fotos con las 4 c\u00e1maras principales de tu equipo. Pon a prueba tu creatividad y juega con la iluminaci\u00f3n, diferentes planos y efectos para obtener grandes resultados.<\/p>\n\n\n\n<p>Su zoom h\u00edbrido es perfecto para los amantes del plano detalle, ya que integra lo mejor del zoom \u00f3ptico y digital para que consigas acercamientos sin p\u00e9rdida de calidad.<\/p>\n\n\n\n<p>Experiencia visual incre\u00edble<br>Mira tus series y pel\u00edculas favoritas con la mejor definici\u00f3n a trav\u00e9s de su pantalla Dynamic AMOLED 2X de 6.7&#8243;. Disfruta de colores brillantes y detalles precisos en todos tus contenidos.<\/p>\n\n\n\n<p>Capacidad y eficiencia<br>Con su potente procesador y memoria RAM de 8 GB tu equipo alcanzar\u00e1 un alto rendimiento con gran velocidad de transmisi\u00f3n de contenidos y ejecutar\u00e1 m\u00faltiples aplicaciones a la vez sin demoras.<\/p>\n\n\n\n<p>Desbloqueo facial y dactilar<br>M\u00e1xima seguridad para que solo t\u00fa puedas acceder al equipo. Podr\u00e1s elegir entre el sensor de huella dactilar para habilitar el tel\u00e9fono en un toque, o el reconocimiento facial que permite un desbloqueo hasta un 30% m\u00e1s r\u00e1pido.<\/p>\n\n\n\n<p>Bater\u00eda de duraci\u00f3n superior<br>\u00a1Desench\u00fafate! Con la s\u00faper bater\u00eda de 4500 mAh tendr\u00e1s energ\u00eda por mucho m\u00e1s tiempo para jugar, ver series o trabajar sin necesidad de realizar recargas.<\/p>\n","protected":false},"excerpt":{"rendered":"<p>Brindamos un amplio cat\u00e1logo y ofertas con colecciones inspiradas en las \u00faltimas tecnolog\u00edas.\u00a1Servicio, calidad y precio de todos nuestros productos! Compra con confianza. Nuestra experiencia nos avala.&#8212;&#8212;&#8212;&#8212;&#8212;&#8212;&#8212;&#8212;&#8212;&#8212;&#8212;&#8212;&#8212;&#8212;&#8212;&#8212;&#8212;&#8212;&#8212; \u00a1Atenci\u00f3n, leer antes de comprar!SOBRE NUESTROS EQUIPOS: \u2022Equipos certificados.\u2022Probados t\u00e9cnicamente asegurando calidad en su funcionamiento.\u2022Est\u00e9tica de 9 a 10.\u2022Vida \u00fatil de la bater\u00eda arriba del 80%.INCLUYE:\u2022Caja gen\u00e9rica.\u2022Cargador y [&hellip;]<\/p>\n","protected":false},"featured_media":7493,"comment_status":"open","ping_status":"closed","template":"","meta":{"_monsterinsights_skip_tracking":false,"_monsterinsights_sitenote_active":false,"_monsterinsights_sitenote_note":"","_monsterinsights_sitenote_category":0},"product_brand":[],"product_cat":[],"product_tag":[],"class_list":{"0":"post-7483","1":"product","2":"type-product","3":"status-publish","4":"has-post-thumbnail","7":"first","8":"instock","9":"sale","10":"shipping-taxable","11":"purchasable","12":"product-type-simple"},"aioseo_notices":[],"_links":{"self":[{"href":"https:\/\/fajas-reductoras.com\/index.php\/wp-json\/wp\/v2\/product\/7483","targetHints":{"allow":["GET"]}}],"collection":[{"href":"https:\/\/fajas-reductoras.com\/index.php\/wp-json\/wp\/v2\/product"}],"about":[{"href":"https:\/\/fajas-reductoras.com\/index.php\/wp-json\/wp\/v2\/types\/product"}],"replies":[{"embeddable":true,"href":"https:\/\/fajas-reductoras.com\/index.php\/wp-json\/wp\/v2\/comments?post=7483"}],"wp:featuredmedia":[{"embeddable":true,"href":"https:\/\/fajas-reductoras.com\/index.php\/wp-json\/wp\/v2\/media\/7493"}],"wp:attachment":[{"href":"https:\/\/fajas-reductoras.com\/index.php\/wp-json\/wp\/v2\/media?parent=7483"}],"wp:term":[{"taxonomy":"product_brand","embeddable":true,"href":"https:\/\/fajas-reductoras.com\/index.php\/wp-json\/wp\/v2\/product_brand?post=7483"},{"taxonomy":"product_cat","embeddable":true,"href":"https:\/\/fajas-reductoras.com\/index.php\/wp-json\/wp\/v2\/product_cat?post=7483"},{"taxonomy":"product_tag","embeddable":true,"href":"https:\/\/fajas-reductoras.com\/index.php\/wp-json\/wp\/v2\/product_tag?post=7483"}],"curies":[{"name":"wp","href":"https:\/\/api.w.org\/{rel}","templated":true}]}}